{"id":36763,"date":"2015-12-10T00:22:40","date_gmt":"2015-12-10T00:22:40","guid":{"rendered":"https:\/\/barcelonafilmes.com\/?page_id=36763"},"modified":"2021-06-23T20:45:22","modified_gmt":"2021-06-23T20:45:22","slug":"teste-2","status":"publish","type":"page","link":"https:\/\/barcelonafilmes.com\/es\/","title":{"rendered":"Loca\u00e7\u00e3o Filmes Movimento"},"content":{"rendered":"<div class=\"wpb-content-wrapper\"><p>[vc_row margin_top=\u00bb-49&#8243; margin_bottom=\u00bb40&#8243; anchor=\u00bbabout\u00bb][vc_column][vc_empty_space][vc_column_text]\n<h1 style=\"text-align: center;\">BARCELONA FILMES<\/h1>\n[\/vc_column_text][vc_empty_space height=\u00bb15px\u00bb][vc_column_text]\n<h4 style=\"text-align: center;\"><\/h4>\n<h4 style=\"text-align: center;\"><span lang=\"es\">El Barcelona Filmes es una de las principais empresas de alquiler\u00a0 en el mercado de la publicidad y\u00a0 entretenimiento. Se consolida en arrendamiento y servicios para el campo de movimiento , ofreciendo equipos de \u00faltima generaci\u00f3n ; seguridad y rapidez en sus puestos de trabajo y los resultados importantes para la producci\u00f3n del cine.<br \/>\n<\/span><\/h4>\n[\/vc_column_text][vc_empty_space height=\u00bb40px\u00bb][\/vc_column][vc_column][vc_empty_space height=\u00bb20px\u00bb][\/vc_column][vc_column width=\u00bb1\/2&#8243; offset=\u00bbvc_col-lg-3 vc_col-md-3 vc_col-xs-12&#8243;][vc_pie value=\u00bb60&#8243; label_value=\u00bb12&#8243; appearance=\u00bbcounter\u00bb][vc_empty_space height=\u00bb10px\u00bb][dt_fancy_title title=\"A\u00f1o\" title_size=\"h6\" title_color=\"custom\" separator_style=\"disabled\" title_bg=\"enabled\" separator_color=\"accent\" custom_title_color=\"#ffffff\"][vc_empty_space height=\u00bb50px\u00bb][\/vc_column][vc_column width=\u00bb1\/2&#8243; offset=\u00bbvc_col-lg-3 vc_col-md-3 vc_col-xs-12&#8243;][vc_pie value=\u00bb40&#8243; label_value=\u00bb40&#8243; appearance=\u00bbcounter\u00bb][vc_empty_space height=\u00bb10px\u00bb][dt_fancy_title title=\"Largometrajes\" title_size=\"h6\" title_color=\"custom\" separator_style=\"disabled\" title_bg=\"enabled\" separator_color=\"accent\" custom_title_color=\"#ffffff\"][vc_empty_space height=\u00bb50px\u00bb][\/vc_column][vc_column width=\u00bb1\/2&#8243; offset=\u00bbvc_col-lg-3 vc_col-md-3 vc_col-xs-12&#8243;][vc_pie value=\u00bb11&#8243; label_value=\u00bb15&#8243; appearance=\u00bbcounter\u00bb][vc_empty_space height=\u00bb10px\u00bb][dt_fancy_title title=\"Series\" title_size=\"h6\" title_color=\"custom\" separator_style=\"disabled\" title_bg=\"enabled\" separator_color=\"accent\" custom_title_color=\"#ffffff\"][vc_empty_space height=\u00bb50px\u00bb][\/vc_column][vc_column width=\u00bb1\/2&#8243; offset=\u00bbvc_col-lg-3 vc_col-md-3 vc_col-xs-12&#8243;][vc_pie value=\u00bb25&#8243; label_value=\u00bb2560&#8243; appearance=\u00bbcounter\u00bb][vc_empty_space height=\u00bb10px\u00bb][dt_fancy_title title=\"Publicidad\" title_size=\"h6\" title_color=\"custom\" separator_style=\"disabled\" title_bg=\"enabled\" separator_color=\"accent\" custom_title_color=\"#ffffff\"][vc_empty_space height=\u00bb50px\u00bb][\/vc_column][\/vc_row][vc_row type=\u00bb1&#8243; bg_color=\u00bb#ffffff\u00bb bg_repeat=\u00bbrepeat\u00bb anchor=\u00bbservices\u00bb min_height=\u00bb0&#8243; full_width_padding_left=\u00bb40&#8243; full_width_padding_right=\u00bb40&#8243; full_width_margin_top=\u00bb0&#8243; full_width_margin_bottom=\u00bb0&#8243;][vc_column offset=\u00bbvc_col-lg-offset-0 vc_col-lg-12 vc_col-md-offset-0 vc_col-md-12 vc_col-sm-offset-0 vc_col-xs-12&#8243;][vc_column_text]<br \/>\n[\/vc_column_text][\/vc_column][\/vc_row][vc_row margin_top=\u00bb1&#8243; margin_bottom=\u00bb40&#8243; anchor=\u00bbclients\u00bb][vc_column][vc_empty_space height=\u00bb80px\u00bb][vc_column_text]\n<h1 style=\"text-align: center;\">CLIENTES<\/h1>\n[\/vc_column_text][vc_empty_space height=\u00bb30px\u00bb][vc_column_text]\n<h4 style=\"text-align: center; line-height: 30px;\"><span lang=\"es\">Los clientes que Barcelona Filmes mantiene proyectos<\/span><\/h4>\n[\/vc_column_text][vc_empty_space][dt_logos column_width=\"150\" columns_number=\"4\" number=\"20\" animation=\"rotateIn\" animate=\"at_the_same_time\" columns=\"4\" dividers=\"true\" category=\"black-white\"][\/vc_column][\/vc_row][vc_row full_width=\u00bbtrue\u00bb type=\u00bb2&#8243; bg_repeat=\u00bbrepeat\u00bb padding_bottom=\u00bb40&#8243; bg_type=\u00bbno_bg\u00bb anchor=\u00bbportfolio\u00bb min_height=\u00bb0&#8243; full_width_padding_left=\u00bb40&#8243; full_width_padding_right=\u00bb40&#8243; full_width_margin_top=\u00bb0&#8243; full_width_margin_bottom=\u00bb0&#8243;][vc_column][vc_empty_space height=\u00bb80px\u00bb][vc_column_text]\n<h1 style=\"text-align: center;\">TRABAJOS<\/h1>\n[\/vc_column_text][vc_empty_space height=\u00bb30px\u00bb][vc_column_text css_animation=\u00bbzoomIn\u00bb]\n<h4 style=\"text-align: center; line-height: 30px;\"><span lang=\"es\">TRABAJOS QUE\u00a0 EL BARCELONA FILMES PARTICIP\u00d3 CON SU EQUIPO.<\/span><\/h4>\n<h4 style=\"text-align: center; line-height: 30px;\"><\/h4>\n<pre id=\"tw-target-text\" class=\"tw-data-text vk_txt tw-ta tw-text-small\" dir=\"ltr\" data-fulltext=\"\" data-placeholder=\"Tradu\u00e7\u00e3o\"><\/pre>\n<pre id=\"tw-target-text\" class=\"tw-data-text vk_txt tw-ta tw-text-small\" dir=\"ltr\" data-fulltext=\"\" data-placeholder=\"Tradu\u00e7\u00e3o\"><\/pre>\n[\/vc_column_text][vc_empty_space][dt_portfolio type=\"grid\" padding=\"10\" column_width=\"260\" columns=\"4\" proportion=\"4:3\" same_width=\"true\" descriptions=\"from_bottom\" loading_effect=\"flip\" show_title=\"true\" show_link=\"true\" number=\"8\" under_image_buttons=\"under_image\" category=\"1\" meta_info=\"false\"][vc_empty_space height=\u00bb40px\u00bb][vc_column_text css=\u00bb.vc_custom_1450145097119{padding-left: 10px !important;}\u00bb]\n<p style=\"text-align: center;\">[dt_button size=\u00bbbig\u00bb animation=\u00bbfadeIn\u00bb link=\u00bbhttps:\/\/barcelonafilmes.com\/portfolio\/\/\u00bb target_blank=\u00bbtrue\u00bbPORTFOLIO COMPLETO<\/span><\/a><\/p>\n<p>[\/vc_column_text][vc_empty_space height=\u00bb30px\u00bb][\/vc_column][\/vc_row][vc_row margin_top=\u00bb1&#8243; margin_bottom=\u00bb40&#8243; anchor=\u00bbteam\u00bb][vc_column][vc_empty_space height=\u00bb80px\u00bb][vc_column_text]<\/p>\n<h1 style=\"text-align: center;\">EQUIPO<\/h1>\n<p>[\/vc_column_text][vc_empty_space height=\u00bb30px\u00bb][vc_column_text css_animation=\u00bbzoomInDown\u00bb]<\/p>\n<h4 id=\"tw-target-text\" class=\"tw-data-text vk_txt tw-ta tw-text-small\" dir=\"ltr\" style=\"text-align: center;\" data-placeholder=\"Tradu\u00e7\u00e3o\"><span lang=\"es\">BARCELONA FILMES LISTA PARA SUS PROYECTOS .<\/span><\/h4>\n<pre id=\"tw-target-text\" class=\"tw-data-text vk_txt tw-ta tw-text-small\" dir=\"ltr\" data-fulltext=\"\" data-placeholder=\"Tradu\u00e7\u00e3o\"><\/pre>\n<p>[\/vc_column_text][vc_empty_space height=\u00bb65px\u00bb][\/vc_column][vc_column width=\u00bb2\/3&#8243; offset=\u00bbvc_col-lg-offset-0 vc_col-lg-12 vc_col-md-offset-0 vc_col-md-12 vc_col-sm-offset-2 vc_col-xs-12&#8243;]<div class=\"wf-container loading-effect-fade-in iso-grid bg-under-post description-under-image content-align-centre\" data-padding=\"10px\" data-cur-page=\"1\" data-width=\"215px\" data-columns=\"4\"><div class=\"wf-cell\" data-post-id=\"161\" data-date=\"2014-06-20T13:03:21+00:00\" data-name=\"Andr\u00e9 Veloso\">\n\t<div class=\"team-container post-161 dt_team type-dt_team status-publish has-post-thumbnail hentry dt_team_category-square-6 bg-on description-off\">\n\n\t\t<div class=\"team-media\"><a href=\"https:\/\/barcelonafilmes.com\/es\/dt_team\/andreveloso\/\" class=\"rollover\"><img class=\"preload-me\" srcset=\"https:\/\/barcelonafilmes.com\/wp-content\/uploads\/2014\/06\/CROPPED-CROPPED-L-J-283-323x323.jpg 1x, https:\/\/barcelonafilmes.com\/wp-content\/uploads\/2014\/06\/CROPPED-CROPPED-L-J-283.jpg 2x\" width=\"323\" height=\"323\"   alt=\"\" \/><\/a><\/div>\n\t\t<div class=\"team-desc\">\n\n\t\t\t<div class=\"team-author\"><div class=\"team-author-name\">Andr\u00e9 Veloso<\/div><\/div><div class=\"soc-ico\"><a title=\"Correo:\" href=\"mailto:veloso@barcelonafilmes.com\" target=\"_top\" class=\"mail\"><span class=\"assistive-text\">Correo:<\/span><\/a><a title=\"Facebook\" href=\"https:\/\/pt-br.facebook.com\/andre.l.veloso.9\" target=\"_blank\" class=\"facebook\"><span class=\"assistive-text\">Facebook<\/span><\/a><a title=\"ID de Google Analytics\" href=\"https:\/\/plus.google.com\/u\/0\/105044784151465658334\/posts\" target=\"_blank\" class=\"google\"><span class=\"assistive-text\">ID de Google Analytics<\/span><\/a><a title=\"Linkedin\" href=\"https:\/\/www.linkedin.com\/profile\/view?id=AAkAAArD6dsB4OgBHnXz76XZrKNxZyuzagNQ0Wg&#038;authType=NAME_SEARCH&#038;authToken=nWhU&#038;locale=pt_BR&#038;trk=tyah&#038;trkInfo=clickedVertical%3Amynetwork%2CclickedEntityId%3A180611547%2CauthType%3ANAME_SEARCH%2Cidx%3A1-1-1%2CtarId%3A1449880648368%2Ctas%3Aandre%20veloso\" target=\"_blank\" class=\"linkedin\"><span class=\"assistive-text\">Linkedin<\/span><\/a><a title=\"Instagram\" href=\"https:\/\/instagram.com\/velosonet\/\" target=\"_blank\" class=\"instagram\"><span class=\"assistive-text\">Instagram<\/span><\/a><\/div>\n\t\t<\/div>\n\t<\/div><\/div><div class=\"wf-cell\" data-post-id=\"160\" data-date=\"2013-08-08T13:02:16+00:00\" data-name=\"Daniel Duran\">\n\t<div class=\"team-container post-160 dt_team type-dt_team status-publish has-post-thumbnail hentry dt_team_category-square-6 bg-on description-off\">\n\n\t\t<div class=\"team-media\"><a href=\"https:\/\/barcelonafilmes.com\/es\/dt_team\/danielduran\/\" class=\"rollover\"><img class=\"preload-me\" srcset=\"https:\/\/barcelonafilmes.com\/wp-content\/uploads\/2013\/08\/photo-323x323.jpg 1x, https:\/\/barcelonafilmes.com\/wp-content\/uploads\/2013\/08\/photo.jpg 2x\" width=\"323\" height=\"323\"   alt=\"\" \/><\/a><\/div>\n\t\t<div class=\"team-desc\">\n\n\t\t\t<div class=\"team-author\"><div class=\"team-author-name\">Daniel Duran<\/div><\/div><div class=\"soc-ico\"><a title=\"Correo:\" href=\"mailto:duran@barcelonafilmes.com\" target=\"_top\" class=\"mail\"><span class=\"assistive-text\">Correo:<\/span><\/a><a title=\"Facebook\" href=\"https:\/\/pt-br.facebook.com\/daniel.r.duran.52\" target=\"_blank\" class=\"facebook\"><span class=\"assistive-text\">Facebook<\/span><\/a><a title=\"ID de Google Analytics\" href=\"https:\/\/plus.google.com\/u\/0\/101813823005904420352\/posts\" target=\"_blank\" class=\"google\"><span class=\"assistive-text\">ID de Google Analytics<\/span><\/a><\/div>\n\t\t<\/div>\n\t<\/div><\/div><div class=\"wf-cell\" data-post-id=\"13540\" data-date=\"2011-02-05T14:58:20+00:00\" data-name=\"Adston Mantovani\">\n\t<div class=\"team-container post-13540 dt_team type-dt_team status-publish has-post-thumbnail hentry dt_team_category-square-6 bg-on description-off\">\n\n\t\t<div class=\"team-media\"><a href=\"https:\/\/barcelonafilmes.com\/es\/dt_team\/adstonmantovani\/\" class=\"rollover\"><img class=\"preload-me\" srcset=\"https:\/\/barcelonafilmes.com\/wp-content\/uploads\/2011\/02\/Adston-323x323.jpg 1x, https:\/\/barcelonafilmes.com\/wp-content\/uploads\/2011\/02\/Adston.jpg 2x\" width=\"323\" height=\"323\"   alt=\"\" \/><\/a><\/div>\n\t\t<div class=\"team-desc\">\n\n\t\t\t<div class=\"team-author\"><div class=\"team-author-name\">Adston Mantovani<\/div><p>Depto Administrativo\r\n<\/p><\/div><div class=\"soc-ico\"><a title=\"Correo:\" href=\"http:\/\/adston@cinecidade.com.br%20\" target=\"_blank\" class=\"mail\"><span class=\"assistive-text\">Correo:<\/span><\/a><a title=\"Facebook\" href=\"https:\/\/www.facebook.com\/adstonm\" target=\"_blank\" class=\"facebook\"><span class=\"assistive-text\">Facebook<\/span><\/a><a title=\"Linkedin\" href=\"https:\/\/br.linkedin.com\/in\/adston-cine-a1a045b6\" target=\"_blank\" class=\"linkedin\"><span class=\"assistive-text\">Linkedin<\/span><\/a><\/div>\n\t\t<\/div>\n\t<\/div><\/div><\/div>[vc_empty_space height=\u00bb40px\u00bb][\/vc_column][\/vc_row][vc_row margin_bottom=\u00bb-51&#8243; type=\u00bb1&#8243; bg_repeat=\u00bbrepeat\u00bb padding_bottom=\u00bb30&#8243; anchor=\u00bbcontact\u00bb full_width_padding_left=\u00bb40&#8243; full_width_padding_right=\u00bb40&#8243; full_width_margin_top=\u00bb0&#8243; full_width_margin_bottom=\u00bb0&#8243;][vc_column][vc_empty_space height=\u00bb60px\u00bb][vc_column_text]<\/p>\n<h1 style=\"text-align: center;\">CONTACTAR<\/h1>\n<p>[\/vc_column_text][vc_empty_space height=\u00bb60px\u00bb][\/vc_column][vc_column width=\u00bb1\/2&#8243; offset=\u00bbvc_col-lg-6 vc_col-md-6 vc_col-xs-12&#8243;][vc_column_text]<\/p>\n<h4 id=\"tw-target-text\" class=\"tw-data-text vk_txt tw-ta tw-text-medium\" dir=\"ltr\" data-placeholder=\"Tradu\u00e7\u00e3o\"><span lang=\"es\">Informaci\u00f3n de Contacto<\/span><\/h4>\n<p>[\/vc_column_text][vc_empty_space height=\u00bb20px\u00bb][vc_column_text]<br \/>\n[\/vc_column_text][vc_empty_space height=\u00bb16px\u00bb][vc_column_text]Telefone:<br \/>\n+55 (011) 2501-6588[\/vc_column_text][vc_empty_space height=\u00bb16px\u00bb][vc_column_text]<span class=\"color-title\">Email:<\/span><br \/>\natendimento@barcelonafilmes.com [\/vc_column_text][vc_empty_space height=\u00bb16px\u00bb][vc_column_text]Horas:<\/p>\n<p>Lunes &#8211; Viernes\u00a0 : 09:00AM as 06:00PM[\/vc_column_text][vc_empty_space height=\u00bb16px\u00bb][vc_column_text]<\/p>\n<p><span class=\"color-title\">Social links:<\/span><div class=\"soc-ico\"><a title=\"Facebook\" href=\"https:\/\/www.facebook.com\/WordPress.Premium.Theme\" target=\"_blank\" class=\"facebook\"><span class=\"assistive-text\">Facebook<\/span><\/a><a title=\"Twitter\" href=\"https:\/\/twitter.com\/premium_theme\" target=\"_blank\" class=\"twitter\"><span class=\"assistive-text\">Twitter<\/span><\/a><a title=\"Foursquare\" href=\"https:\/\/foursquare.com\/user\/53040517\" target=\"_blank\" class=\"foursquare\"><span class=\"assistive-text\">Foursquare<\/span><\/a><a title=\"Pinterest\" href=\"http:\/\/pinterest.com\/dreamtheme\/\" target=\"_blank\" class=\"pinterest\"><span class=\"assistive-text\">Pinterest<\/span><\/a><a title=\"Instagram\" href=\"http:\/\/instagram.com\/dream_theme_photo\" target=\"_blank\" class=\"instagram\"><span class=\"assistive-text\">Instagram<\/span><\/a><\/div>\n<p>[\/vc_column_text][vc_empty_space height=\u00bb50px\u00bb][\/vc_column][vc_column width=\u00bb1\/2&#8243; offset=\u00bbvc_col-lg-6 vc_col-md-6 vc_col-xs-12&#8243;][vc_column_text]<\/p>\n<h3>Enviar Menssagem<\/h3>\n<p>[\/vc_column_text][vc_empty_space height=\u00bb26px\u00bb]\n<div class=\"wpcf7 no-js\" id=\"wpcf7-f36625-o1\" lang=\"pt-PT\" dir=\"ltr\" data-wpcf7-id=\"36625\">\n<div class=\"screen-reader-response\"><p role=\"status\" aria-live=\"polite\" aria-atomic=\"true\"><\/p> <ul><\/ul><\/div>\n<form action=\"\/es\/wp-json\/wp\/v2\/pages\/36763#wpcf7-f36625-o1\" method=\"post\" class=\"wpcf7-form init\" aria-label=\"Contact form\" novalidate=\"novalidate\" data-status=\"init\">\n<div style=\"display: none;\">\n<input type=\"hidden\" name=\"_wpcf7\" value=\"36625\" \/>\n<input type=\"hidden\" name=\"_wpcf7_version\" value=\"6.0.6\" \/>\n<input type=\"hidden\" name=\"_wpcf7_locale\" value=\"pt_PT\" \/>\n<input type=\"hidden\" name=\"_wpcf7_unit_tag\" value=\"wpcf7-f36625-o1\" \/>\n<input type=\"hidden\" name=\"_wpcf7_container_post\" value=\"0\" \/>\n<input type=\"hidden\" name=\"_wpcf7_posted_data_hash\" value=\"\" \/>\n<\/div>\n<p>O seu nome (obrigat\u00f3rio)\n<\/p>\n<p><span class=\"wpcf7-form-control-wrap\" data-name=\"your-name\"><input size=\"40\" maxlength=\"400\" class=\"wpcf7-form-control wpcf7-text wpcf7-validates-as-required\" aria-required=\"true\" aria-invalid=\"false\" value=\"\" type=\"text\" name=\"your-name\" \/><\/span>\n<\/p>\n<p>O seu email (obrigat\u00f3rio)\n<\/p>\n<p><span class=\"wpcf7-form-control-wrap\" data-name=\"your-email\"><input size=\"40\" maxlength=\"400\" class=\"wpcf7-form-control wpcf7-email wpcf7-validates-as-required wpcf7-text wpcf7-validates-as-email\" aria-required=\"true\" aria-invalid=\"false\" value=\"\" type=\"email\" name=\"your-email\" \/><\/span>\n<\/p>\n<p>Assunto\n<\/p>\n<p><span class=\"wpcf7-form-control-wrap\" data-name=\"your-subject\"><input size=\"40\" maxlength=\"400\" class=\"wpcf7-form-control wpcf7-text\" aria-invalid=\"false\" value=\"\" type=\"text\" name=\"your-subject\" \/><\/span>\n<\/p>\n<p>A sua mensagem\n<\/p>\n<p><span class=\"wpcf7-form-control-wrap\" data-name=\"your-message\"><textarea cols=\"40\" rows=\"10\" maxlength=\"2000\" class=\"wpcf7-form-control wpcf7-textarea\" aria-invalid=\"false\" name=\"your-message\"><\/textarea><\/span>\n<\/p>\n<p><input class=\"wpcf7-form-control wpcf7-submit has-spinner\" type=\"submit\" value=\"Enviar\" \/>\n<\/p><div class=\"wpcf7-response-output\" aria-hidden=\"true\"><\/div>\n<\/form>\n<\/div>\n[vc_empty_space height=\u00bb30px\u00bb][\/vc_column][\/vc_row]<\/p>\n<\/div>","protected":false},"excerpt":{"rendered":"<p>Disculpa, pero esta entrada est\u00e1 disponible s\u00f3lo en PORTUGU\u00caS.<\/p>\n","protected":false},"author":2,"featured_media":0,"parent":0,"menu_order":0,"comment_status":"closed","ping_status":"closed","template":"","meta":{"_monsterinsights_skip_tracking":false,"_monsterinsights_sitenote_active":false,"_monsterinsights_sitenote_note":"","_monsterinsights_sitenote_category":0},"class_list":["post-36763","page","type-page","status-publish","hentry","description-off"],"yoast_head":"<!-- This site is optimized with the Yoast SEO plugin v24.2 - https:\/\/yoast.com\/wordpress\/plugins\/seo\/ -->\n<title>Loca\u00e7\u00e3o Filmes Movimento - Barcelona Filmes<\/title>\n<meta name=\"robots\" content=\"index, follow, max-snippet:-1, max-image-preview:large, max-video-preview:-1\" \/>\n<link rel=\"canonical\" href=\"https:\/\/barcelonafilmes.com\/\" \/>\n<meta property=\"og:locale\" content=\"es_ES\" \/>\n<meta property=\"og:type\" content=\"article\" \/>\n<meta property=\"og:title\" content=\"Loca\u00e7\u00e3o Filmes Movimento - Barcelona Filmes\" \/>\n<meta property=\"og:description\" content=\"Disculpa, pero esta entrada est\u00e1 disponible s\u00f3lo en PORTUGU\u00caS.\" \/>\n<meta property=\"og:url\" content=\"https:\/\/barcelonafilmes.com\/\" \/>\n<meta property=\"og:site_name\" content=\"Barcelona Filmes\" \/>\n<meta property=\"article:modified_time\" content=\"2021-06-23T20:45:22+00:00\" \/>\n<meta name=\"twitter:card\" content=\"summary_large_image\" \/>\n<meta name=\"twitter:label1\" content=\"Est. reading time\" \/>\n\t<meta name=\"twitter:data1\" content=\"13 minutos\" \/>\n<script type=\"application\/ld+json\" class=\"yoast-schema-graph\">{\"@context\":\"https:\/\/schema.org\",\"@graph\":[{\"@type\":\"WebPage\",\"@id\":\"https:\/\/barcelonafilmes.com\/\",\"url\":\"https:\/\/barcelonafilmes.com\/\",\"name\":\"Loca\u00e7\u00e3o Filmes Movimento - Barcelona Filmes\",\"isPartOf\":{\"@id\":\"https:\/\/barcelonafilmes.com\/#website\"},\"datePublished\":\"2015-12-10T00:22:40+00:00\",\"dateModified\":\"2021-06-23T20:45:22+00:00\",\"breadcrumb\":{\"@id\":\"https:\/\/barcelonafilmes.com\/#breadcrumb\"},\"inLanguage\":\"es\",\"potentialAction\":[{\"@type\":\"ReadAction\",\"target\":[\"https:\/\/barcelonafilmes.com\/\"]}]},{\"@type\":\"BreadcrumbList\",\"@id\":\"https:\/\/barcelonafilmes.com\/#breadcrumb\",\"itemListElement\":[{\"@type\":\"ListItem\",\"position\":1,\"name\":\"In\u00edcio\",\"item\":\"https:\/\/barcelonafilmes.com\/\"},{\"@type\":\"ListItem\",\"position\":2,\"name\":\"Filmes Movimento\"}]},{\"@type\":\"WebSite\",\"@id\":\"https:\/\/barcelonafilmes.com\/#website\",\"url\":\"https:\/\/barcelonafilmes.com\/\",\"name\":\"Barcelona Filmes\",\"description\":\"Loca\u00e7\u00e3o de Equipamentos para Cinema\",\"potentialAction\":[{\"@type\":\"SearchAction\",\"target\":{\"@type\":\"EntryPoint\",\"urlTemplate\":\"https:\/\/barcelonafilmes.com\/?s={search_term_string}\"},\"query-input\":{\"@type\":\"PropertyValueSpecification\",\"valueRequired\":true,\"valueName\":\"search_term_string\"}}],\"inLanguage\":\"es\"}]}<\/script>\n<!-- \/ Yoast SEO plugin. -->","yoast_head_json":{"title":"Loca\u00e7\u00e3o Filmes Movimento - Barcelona Filmes","robots":{"index":"index","follow":"follow","max-snippet":"max-snippet:-1","max-image-preview":"max-image-preview:large","max-video-preview":"max-video-preview:-1"},"canonical":"https:\/\/barcelonafilmes.com\/","og_locale":"es_ES","og_type":"article","og_title":"Loca\u00e7\u00e3o Filmes Movimento - Barcelona Filmes","og_description":"Disculpa, pero esta entrada est\u00e1 disponible s\u00f3lo en PORTUGU\u00caS.","og_url":"https:\/\/barcelonafilmes.com\/","og_site_name":"Barcelona Filmes","article_modified_time":"2021-06-23T20:45:22+00:00","twitter_card":"summary_large_image","twitter_misc":{"Est. reading time":"13 minutos"},"schema":{"@context":"https:\/\/schema.org","@graph":[{"@type":"WebPage","@id":"https:\/\/barcelonafilmes.com\/","url":"https:\/\/barcelonafilmes.com\/","name":"Loca\u00e7\u00e3o Filmes Movimento - Barcelona Filmes","isPartOf":{"@id":"https:\/\/barcelonafilmes.com\/#website"},"datePublished":"2015-12-10T00:22:40+00:00","dateModified":"2021-06-23T20:45:22+00:00","breadcrumb":{"@id":"https:\/\/barcelonafilmes.com\/#breadcrumb"},"inLanguage":"es","potentialAction":[{"@type":"ReadAction","target":["https:\/\/barcelonafilmes.com\/"]}]},{"@type":"BreadcrumbList","@id":"https:\/\/barcelonafilmes.com\/#breadcrumb","itemListElement":[{"@type":"ListItem","position":1,"name":"In\u00edcio","item":"https:\/\/barcelonafilmes.com\/"},{"@type":"ListItem","position":2,"name":"Filmes Movimento"}]},{"@type":"WebSite","@id":"https:\/\/barcelonafilmes.com\/#website","url":"https:\/\/barcelonafilmes.com\/","name":"Barcelona Filmes","description":"Loca\u00e7\u00e3o de Equipamentos para Cinema","potentialAction":[{"@type":"SearchAction","target":{"@type":"EntryPoint","urlTemplate":"https:\/\/barcelonafilmes.com\/?s={search_term_string}"},"query-input":{"@type":"PropertyValueSpecification","valueRequired":true,"valueName":"search_term_string"}}],"inLanguage":"es"}]}},"_links":{"self":[{"href":"https:\/\/barcelonafilmes.com\/es\/wp-json\/wp\/v2\/pages\/36763","targetHints":{"allow":["GET"]}}],"collection":[{"href":"https:\/\/barcelonafilmes.com\/es\/wp-json\/wp\/v2\/pages"}],"about":[{"href":"https:\/\/barcelonafilmes.com\/es\/wp-json\/wp\/v2\/types\/page"}],"author":[{"embeddable":true,"href":"https:\/\/barcelonafilmes.com\/es\/wp-json\/wp\/v2\/users\/2"}],"replies":[{"embeddable":true,"href":"https:\/\/barcelonafilmes.com\/es\/wp-json\/wp\/v2\/comments?post=36763"}],"version-history":[{"count":32,"href":"https:\/\/barcelonafilmes.com\/es\/wp-json\/wp\/v2\/pages\/36763\/revisions"}],"predecessor-version":[{"id":36878,"href":"https:\/\/barcelonafilmes.com\/es\/wp-json\/wp\/v2\/pages\/36763\/revisions\/36878"}],"wp:attachment":[{"href":"https:\/\/barcelonafilmes.com\/es\/wp-json\/wp\/v2\/media?parent=36763"}],"curies":[{"name":"wp","href":"https:\/\/api.w.org\/{rel}","templated":true}]}}